{"id":30,"date":"2015-09-17T17:24:08","date_gmt":"2015-09-17T17:24:08","guid":{"rendered":"http:\/\/esg.pt\/seismic-v\/?page_id=30"},"modified":"2015-10-28T14:41:43","modified_gmt":"2015-10-28T14:41:43","slug":"sismicidade-historica-portugal","status":"publish","type":"page","link":"https:\/\/esg.pt\/seismic-v\/sismicidade-historica-portugal\/","title":{"rendered":"Sismicidade hist\u00f3rica em Portugal"},"content":{"rendered":"<p>Portugal constitui um pa\u00eds de risco s\u00edsmico moderado, embora tenha a particularidade de ser suscept\u00edvel a ocorr\u00eancias significativas, como demonstra a regularidade do seu registo hist\u00f3rico.\n<\/p>\n<p>A Regi\u00e3o de Lisboa e a Regi\u00e3o do Algarve est\u00e3o localizadas na \u00e1rea de maior risco s\u00edsmico. A regi\u00e3o da Lez\u00edria do Tejo e a Pen\u00ednsula de Set\u00fabal, localizadas na \u2018Falha Inferior do Tejo\u2019, tamb\u00e9m apresentam elevado risco. A actividade vulc\u00e2nica do arquip\u00e9lago dos A\u00e7ores e a sua particular localiza\u00e7\u00e3o geogr\u00e1fica fazem das suas ilhas um dos contextos de maior vulnerabilidade. O Alentejo Litoral apresenta um \u00edndice de impacto m\u00e9dio-alto, conjugado com uma significativa frequ\u00eancia de ocorr\u00eancias. Finalmente, o Alentejo Central apresenta um \u00edndice de impacto m\u00e9dio\/baixo, com a particularidade de apresentar uma intensa regularidade de ocorr\u00eancias.<\/p>\n<div class=\"row\">\n<div class=\"col-md-6\">\n<table>\n<thead>\n<tr>\n<th>Ano<\/th>\n<th>Intensidade \/ Mercalli Scale (MCS)<\/th>\n<\/tr>\n<\/thead>\n<tbody>\n<tr>\n<td>1531<\/td>\n<td>IX<\/td>\n<\/tr>\n<tr>\n<td>1755<\/td>\n<td>IX<\/td>\n<\/tr>\n<tr>\n<td>1858<\/td>\n<td>IX<\/td>\n<\/tr>\n<tr>\n<td>1909<\/td>\n<td>V<\/td>\n<\/tr>\n<tr>\n<td>1969<\/td>\n<td>VIII<\/td>\n<\/tr>\n<\/tbody>\n<\/table>\n<p class=\"wp-caption\"> Os principais sismos ocorridos no Continente Portugu\u00eas<\/p>\n<\/p><\/div>\n<div class=\"col-md-6\">\n<table>\n<thead>\n<tr>\n<th>Ano<\/th>\n<th>Localiza\u00e7\u00e3o<\/th>\n<th>Intensidade \/ Escala de Mercalli (MCS)<\/th>\n<\/tr>\n<\/thead>\n<tbody>\n<tr>\n<td>1522<\/td>\n<td>S. Miguel<\/td>\n<td>X<\/td>\n<\/tr>\n<tr>\n<td>1547<\/td>\n<td>Terceira<\/td>\n<td>VII-VIII<\/td>\n<\/tr>\n<tr>\n<td>1614<\/td>\n<td>Terceira<\/td>\n<td>IX<\/td>\n<\/tr>\n<tr>\n<td>1757<\/td>\n<td>S. Jorge\/ Pico<\/td>\n<td>X<\/td>\n<\/tr>\n<tr>\n<td>1800<\/td>\n<td>Terceira<\/td>\n<td>VII-VIII<\/td>\n<\/tr>\n<tr>\n<td>1801<\/td>\n<td>Terceira<\/td>\n<td>VIII<\/td>\n<\/tr>\n<tr>\n<td>1841<\/td>\n<td>Terceira<\/td>\n<td>IX<\/td>\n<\/tr>\n<tr>\n<td>1852<\/td>\n<td>S. Miguel<\/td>\n<td>VIII<\/td>\n<\/tr>\n<tr>\n<td>1973<\/td>\n<td>Pico\/Faial<\/td>\n<td>VII-VIII<\/td>\n<\/tr>\n<tr>\n<td>1980<\/td>\n<td>Terceira\/ S. Jorge \/ Graciosa<\/td>\n<td>VIII-IX<\/td>\n<\/tr>\n<tr>\n<td>1998<\/td>\n<td>S. Jorge\/ Pico\/ Faial<\/td>\n<td>VIII-IX<\/td>\n<\/tr>\n<\/tbody>\n<\/table>\n<p class=\"wp-caption\">Os principais sismos ocorridos na Ilha dos A\u00e7ores<\/p>\n<\/p><\/div>\n<\/div>\n<div class=\"row\">\n<hr>\n<div class=\"col-md-6\"><img src=\"http:\/\/esg.pt\/seismic-v\/assets\/uploads\/2015\/09\/principais_falhas_em_portugal.png\" alt=\"Principais falhas em Portugal\"><\/p>\n<p class=\"wp-caption\">Principais falhas em Portugal<\/p>\n<\/p><\/div>\n<div class=\"col-md-6\"><img src=\"http:\/\/esg.pt\/seismic-v\/assets\/uploads\/2015\/09\/intensidade-macro-sismica-em-portugal.png\" alt=\"Intensidade macro s\u00edsmica em Portugal\"><\/p>\n<p class=\"wp-caption\">Intensidade macro s\u00edsmica em Portugal<\/p>\n<\/p><\/div>\n<\/div>\n","protected":false},"excerpt":{"rendered":"<p>Portugal constitui um pa\u00eds de risco s\u00edsmico moderado, embora tenha a particularidade de ser suscept\u00edvel a ocorr\u00eancias significativas, como demonstra a regularidade do seu registo hist\u00f3rico. A Regi\u00e3o de Lisboa e a Regi\u00e3o do Algarve est\u00e3o localizadas na \u00e1rea de maior risco s\u00edsmico. A regi\u00e3o da Lez\u00edria do Tejo e a Pen\u00ednsula de Set\u00fabal, localizadas&#8230;  <a href=\"https:\/\/esg.pt\/seismic-v\/sismicidade-historica-portugal\/\" title=\"ReadSismicidade hist\u00f3rica em Portugal\">Read more &raquo;<\/a><\/p>\n","protected":false},"author":2,"featured_media":0,"parent":0,"menu_order":0,"comment_status":"closed","ping_status":"closed","template":"","meta":[],"yoast_head":"<!-- This site is optimized with the Yoast SEO plugin v16.8 - https:\/\/yoast.com\/wordpress\/plugins\/seo\/ -->\n<meta name=\"robots\" content=\"index, follow, max-snippet:-1, max-image-preview:large, max-video-preview:-1\" \/>\n<link rel=\"canonical\" href=\"https:\/\/esg.pt\/seismic-v\/sismicidade-historica-portugal\/\" \/>\n<meta property=\"og:locale\" content=\"pt_PT\" \/>\n<meta property=\"og:type\" content=\"article\" \/>\n<meta property=\"og:title\" content=\"Sismicidade hist\u00f3rica em Portugal - Seismic V\" \/>\n<meta property=\"og:description\" content=\"Portugal constitui um pa\u00eds de risco s\u00edsmico moderado, embora tenha a particularidade de ser suscept\u00edvel a ocorr\u00eancias significativas, como demonstra a regularidade do seu registo hist\u00f3rico. A Regi\u00e3o de Lisboa e a Regi\u00e3o do Algarve est\u00e3o localizadas na \u00e1rea de maior risco s\u00edsmico. A regi\u00e3o da Lez\u00edria do Tejo e a Pen\u00ednsula de Set\u00fabal, localizadas... Read more &raquo;\" \/>\n<meta property=\"og:url\" content=\"https:\/\/esg.pt\/seismic-v\/sismicidade-historica-portugal\/\" \/>\n<meta property=\"og:site_name\" content=\"Seismic V\" \/>\n<meta property=\"article:modified_time\" content=\"2015-10-28T14:41:43+00:00\" \/>\n<meta property=\"og:image\" content=\"http:\/\/esg.pt\/seismic-v\/assets\/uploads\/2015\/09\/principais_falhas_em_portugal.png\" \/>\n<meta name=\"twitter:card\" content=\"summary\" \/>\n<meta name=\"twitter:label1\" content=\"Tempo estimado de leitura\" \/>\n\t<meta name=\"twitter:data1\" content=\"1 minuto\" \/>\n<script type=\"application\/ld+json\" class=\"yoast-schema-graph\">{\"@context\":\"https:\/\/schema.org\",\"@graph\":[{\"@type\":\"WebSite\",\"@id\":\"https:\/\/esg.pt\/seismic-v\/en\/#website\",\"url\":\"https:\/\/esg.pt\/seismic-v\/en\/\",\"name\":\"Seismic V\",\"description\":\"Cultura Sismo-Resistente Vern\\u00e1cula em Portugal\",\"potentialAction\":[{\"@type\":\"SearchAction\",\"target\":{\"@type\":\"EntryPoint\",\"urlTemplate\":\"https:\/\/esg.pt\/seismic-v\/en\/?s={search_term_string}\"},\"query-input\":\"required name=search_term_string\"}],\"inLanguage\":\"pt-PT\"},{\"@type\":\"ImageObject\",\"@id\":\"https:\/\/esg.pt\/seismic-v\/sismicidade-historica-portugal\/#primaryimage\",\"inLanguage\":\"pt-PT\",\"url\":\"http:\/\/esg.pt\/seismic-v\/assets\/uploads\/2015\/09\/principais_falhas_em_portugal.png\",\"contentUrl\":\"http:\/\/esg.pt\/seismic-v\/assets\/uploads\/2015\/09\/principais_falhas_em_portugal.png\"},{\"@type\":\"WebPage\",\"@id\":\"https:\/\/esg.pt\/seismic-v\/sismicidade-historica-portugal\/#webpage\",\"url\":\"https:\/\/esg.pt\/seismic-v\/sismicidade-historica-portugal\/\",\"name\":\"Sismicidade hist\\u00f3rica em Portugal - Seismic V\",\"isPartOf\":{\"@id\":\"https:\/\/esg.pt\/seismic-v\/en\/#website\"},\"primaryImageOfPage\":{\"@id\":\"https:\/\/esg.pt\/seismic-v\/sismicidade-historica-portugal\/#primaryimage\"},\"datePublished\":\"2015-09-17T17:24:08+00:00\",\"dateModified\":\"2015-10-28T14:41:43+00:00\",\"breadcrumb\":{\"@id\":\"https:\/\/esg.pt\/seismic-v\/sismicidade-historica-portugal\/#breadcrumb\"},\"inLanguage\":\"pt-PT\",\"potentialAction\":[{\"@type\":\"ReadAction\",\"target\":[\"https:\/\/esg.pt\/seismic-v\/sismicidade-historica-portugal\/\"]}]},{\"@type\":\"BreadcrumbList\",\"@id\":\"https:\/\/esg.pt\/seismic-v\/sismicidade-historica-portugal\/#breadcrumb\",\"itemListElement\":[{\"@type\":\"ListItem\",\"position\":1,\"name\":\"Home\",\"item\":\"https:\/\/esg.pt\/seismic-v\/en\/\"},{\"@type\":\"ListItem\",\"position\":2,\"name\":\"Sismicidade hist\\u00f3rica em Portugal\"}]}]}<\/script>\n<!-- \/ Yoast SEO plugin. -->","yoast_head_json":{"robots":{"index":"index","follow":"follow","max-snippet":"max-snippet:-1","max-image-preview":"max-image-preview:large","max-video-preview":"max-video-preview:-1"},"canonical":"https:\/\/esg.pt\/seismic-v\/sismicidade-historica-portugal\/","og_locale":"pt_PT","og_type":"article","og_title":"Sismicidade hist\u00f3rica em Portugal - Seismic V","og_description":"Portugal constitui um pa\u00eds de risco s\u00edsmico moderado, embora tenha a particularidade de ser suscept\u00edvel a ocorr\u00eancias significativas, como demonstra a regularidade do seu registo hist\u00f3rico. A Regi\u00e3o de Lisboa e a Regi\u00e3o do Algarve est\u00e3o localizadas na \u00e1rea de maior risco s\u00edsmico. A regi\u00e3o da Lez\u00edria do Tejo e a Pen\u00ednsula de Set\u00fabal, localizadas... Read more &raquo;","og_url":"https:\/\/esg.pt\/seismic-v\/sismicidade-historica-portugal\/","og_site_name":"Seismic V","article_modified_time":"2015-10-28T14:41:43+00:00","og_image":[{"url":"http:\/\/esg.pt\/seismic-v\/assets\/uploads\/2015\/09\/principais_falhas_em_portugal.png"}],"twitter_card":"summary","twitter_misc":{"Tempo estimado de leitura":"1 minuto"},"schema":{"@context":"https:\/\/schema.org","@graph":[{"@type":"WebSite","@id":"https:\/\/esg.pt\/seismic-v\/en\/#website","url":"https:\/\/esg.pt\/seismic-v\/en\/","name":"Seismic V","description":"Cultura Sismo-Resistente Vern\u00e1cula em Portugal","potentialAction":[{"@type":"SearchAction","target":{"@type":"EntryPoint","urlTemplate":"https:\/\/esg.pt\/seismic-v\/en\/?s={search_term_string}"},"query-input":"required name=search_term_string"}],"inLanguage":"pt-PT"},{"@type":"ImageObject","@id":"https:\/\/esg.pt\/seismic-v\/sismicidade-historica-portugal\/#primaryimage","inLanguage":"pt-PT","url":"http:\/\/esg.pt\/seismic-v\/assets\/uploads\/2015\/09\/principais_falhas_em_portugal.png","contentUrl":"http:\/\/esg.pt\/seismic-v\/assets\/uploads\/2015\/09\/principais_falhas_em_portugal.png"},{"@type":"WebPage","@id":"https:\/\/esg.pt\/seismic-v\/sismicidade-historica-portugal\/#webpage","url":"https:\/\/esg.pt\/seismic-v\/sismicidade-historica-portugal\/","name":"Sismicidade hist\u00f3rica em Portugal - Seismic V","isPartOf":{"@id":"https:\/\/esg.pt\/seismic-v\/en\/#website"},"primaryImageOfPage":{"@id":"https:\/\/esg.pt\/seismic-v\/sismicidade-historica-portugal\/#primaryimage"},"datePublished":"2015-09-17T17:24:08+00:00","dateModified":"2015-10-28T14:41:43+00:00","breadcrumb":{"@id":"https:\/\/esg.pt\/seismic-v\/sismicidade-historica-portugal\/#breadcrumb"},"inLanguage":"pt-PT","potentialAction":[{"@type":"ReadAction","target":["https:\/\/esg.pt\/seismic-v\/sismicidade-historica-portugal\/"]}]},{"@type":"BreadcrumbList","@id":"https:\/\/esg.pt\/seismic-v\/sismicidade-historica-portugal\/#breadcrumb","itemListElement":[{"@type":"ListItem","position":1,"name":"Home","item":"https:\/\/esg.pt\/seismic-v\/en\/"},{"@type":"ListItem","position":2,"name":"Sismicidade hist\u00f3rica em Portugal"}]}]}},"_links":{"self":[{"href":"https:\/\/esg.pt\/seismic-v\/wp-json\/wp\/v2\/pages\/30"}],"collection":[{"href":"https:\/\/esg.pt\/seismic-v\/wp-json\/wp\/v2\/pages"}],"about":[{"href":"https:\/\/esg.pt\/seismic-v\/wp-json\/wp\/v2\/types\/page"}],"author":[{"embeddable":true,"href":"https:\/\/esg.pt\/seismic-v\/wp-json\/wp\/v2\/users\/2"}],"replies":[{"embeddable":true,"href":"https:\/\/esg.pt\/seismic-v\/wp-json\/wp\/v2\/comments?post=30"}],"version-history":[{"count":8,"href":"https:\/\/esg.pt\/seismic-v\/wp-json\/wp\/v2\/pages\/30\/revisions"}],"predecessor-version":[{"id":244,"href":"https:\/\/esg.pt\/seismic-v\/wp-json\/wp\/v2\/pages\/30\/revisions\/244"}],"wp:attachment":[{"href":"https:\/\/esg.pt\/seismic-v\/wp-json\/wp\/v2\/media?parent=30"}],"curies":[{"name":"wp","href":"https:\/\/api.w.org\/{rel}","templated":true}]}}